{"id":1095,"date":"2024-07-31T17:31:15","date_gmt":"2024-07-31T20:31:15","guid":{"rendered":"https:\/\/hotmilk.com.br\/toolbox\/?page_id=1095"},"modified":"2026-04-17T14:47:37","modified_gmt":"2026-04-17T17:47:37","slug":"lp-geral","status":"publish","type":"page","link":"https:\/\/hotmilk.com.br\/toolbox\/lp-geral\/","title":{"rendered":"LP geral"},"content":{"rendered":"","protected":false},"excerpt":{"rendered":"","protected":false},"author":2,"featured_media":1323,"parent":0,"menu_order":42,"comment_status":"closed","ping_status":"closed","template":"page_lp.php","meta":{"inline_featured_image":false,"footnotes":""},"class_list":["post-1095","page","type-page","status-publish","has-post-thumbnail","hentry"],"yoast_head":"<!-- This site is optimized with the Yoast SEO plugin v27.4 - https:\/\/yoast.com\/product\/yoast-seo-wordpress\/ -->\n<title>Experimente o Innovation Toolbox HOTMILK por 7 dias gr\u00e1tis<\/title>\n<meta name=\"description\" content=\"Mais de 80 ferramentas para descomplicar a jornada de inova\u00e7\u00e3o da sua empresa. Experimente gr\u00e1tis por 7 dias e inove em seus processos.\" \/>\n<meta name=\"robots\" content=\"index, follow, max-snippet:-1, max-image-preview:large, max-video-preview:-1\" \/>\n<link rel=\"canonical\" href=\"https:\/\/hotmilk.com.br\/toolbox\/lp-geral\/\" \/>\n<meta property=\"og:locale\" content=\"pt_BR\" \/>\n<meta property=\"og:type\" content=\"article\" \/>\n<meta property=\"og:title\" content=\"Experimente o Innovation Toolbox HOTMILK por 7 dias gr\u00e1tis\" \/>\n<meta property=\"og:description\" content=\"Mais de 80 ferramentas para descomplicar a jornada de inova\u00e7\u00e3o da sua empresa. Experimente gr\u00e1tis por 7 dias e inove em seus processos.\" \/>\n<meta property=\"og:url\" content=\"https:\/\/hotmilk.com.br\/toolbox\/lp-geral\/\" \/>\n<meta property=\"og:site_name\" content=\"Innovation Toolbox\" \/>\n<meta property=\"article:modified_time\" content=\"2026-04-17T17:47:37+00:00\" \/>\n<meta property=\"og:image\" content=\"https:\/\/hotmilk.com.br\/toolbox\/wp-content\/uploads\/2024\/08\/capa-seo-toolbox-geral.jpg\" \/>\n\t<meta property=\"og:image:width\" content=\"734\" \/>\n\t<meta property=\"og:image:height\" content=\"447\" \/>\n\t<meta property=\"og:image:type\" content=\"image\/jpeg\" \/>\n<meta name=\"twitter:card\" content=\"summary_large_image\" \/>\n<meta name=\"twitter:label1\" content=\"Est. tempo de leitura\" \/>\n\t<meta name=\"twitter:data1\" content=\"1 minuto\" \/>\n<script type=\"application\/ld+json\" class=\"yoast-schema-graph\">{\"@context\":\"https:\\\/\\\/schema.org\",\"@graph\":[{\"@type\":\"WebPage\",\"@id\":\"https:\\\/\\\/hotmilk.com.br\\\/toolbox\\\/lp-geral\\\/\",\"url\":\"https:\\\/\\\/hotmilk.com.br\\\/toolbox\\\/lp-geral\\\/\",\"name\":\"Experimente o Innovation Toolbox HOTMILK por 7 dias gr\u00e1tis\",\"isPartOf\":{\"@id\":\"https:\\\/\\\/hotmilk.com.br\\\/toolbox\\\/#website\"},\"primaryImageOfPage\":{\"@id\":\"https:\\\/\\\/hotmilk.com.br\\\/toolbox\\\/lp-geral\\\/#primaryimage\"},\"image\":{\"@id\":\"https:\\\/\\\/hotmilk.com.br\\\/toolbox\\\/lp-geral\\\/#primaryimage\"},\"thumbnailUrl\":\"https:\\\/\\\/hotmilk.com.br\\\/toolbox\\\/wp-content\\\/uploads\\\/2024\\\/08\\\/capa-seo-toolbox-geral.jpg\",\"datePublished\":\"2024-07-31T20:31:15+00:00\",\"dateModified\":\"2026-04-17T17:47:37+00:00\",\"description\":\"Mais de 80 ferramentas para descomplicar a jornada de inova\u00e7\u00e3o da sua empresa. Experimente gr\u00e1tis por 7 dias e inove em seus processos.\",\"breadcrumb\":{\"@id\":\"https:\\\/\\\/hotmilk.com.br\\\/toolbox\\\/lp-geral\\\/#breadcrumb\"},\"inLanguage\":\"pt-BR\",\"potentialAction\":[{\"@type\":\"ReadAction\",\"target\":[\"https:\\\/\\\/hotmilk.com.br\\\/toolbox\\\/lp-geral\\\/\"]}]},{\"@type\":\"ImageObject\",\"inLanguage\":\"pt-BR\",\"@id\":\"https:\\\/\\\/hotmilk.com.br\\\/toolbox\\\/lp-geral\\\/#primaryimage\",\"url\":\"https:\\\/\\\/hotmilk.com.br\\\/toolbox\\\/wp-content\\\/uploads\\\/2024\\\/08\\\/capa-seo-toolbox-geral.jpg\",\"contentUrl\":\"https:\\\/\\\/hotmilk.com.br\\\/toolbox\\\/wp-content\\\/uploads\\\/2024\\\/08\\\/capa-seo-toolbox-geral.jpg\",\"width\":734,\"height\":447},{\"@type\":\"BreadcrumbList\",\"@id\":\"https:\\\/\\\/hotmilk.com.br\\\/toolbox\\\/lp-geral\\\/#breadcrumb\",\"itemListElement\":[{\"@type\":\"ListItem\",\"position\":1,\"name\":\"In\u00edcio\",\"item\":\"https:\\\/\\\/hotmilk.com.br\\\/toolbox\\\/\"},{\"@type\":\"ListItem\",\"position\":2,\"name\":\"LP geral\"}]},{\"@type\":\"WebSite\",\"@id\":\"https:\\\/\\\/hotmilk.com.br\\\/toolbox\\\/#website\",\"url\":\"https:\\\/\\\/hotmilk.com.br\\\/toolbox\\\/\",\"name\":\"Innovation Toolbox\",\"description\":\"M\u00e9todos e ferramentas gratuitas de inova\u00e7\u00e3o com a curadoria do HOTMILK PUCPR\",\"potentialAction\":[{\"@type\":\"SearchAction\",\"target\":{\"@type\":\"EntryPoint\",\"urlTemplate\":\"https:\\\/\\\/hotmilk.com.br\\\/toolbox\\\/?s={search_term_string}\"},\"query-input\":{\"@type\":\"PropertyValueSpecification\",\"valueRequired\":true,\"valueName\":\"search_term_string\"}}],\"inLanguage\":\"pt-BR\"}]}<\/script>\n<!-- \/ Yoast SEO plugin. -->","yoast_head_json":{"title":"Experimente o Innovation Toolbox HOTMILK por 7 dias gr\u00e1tis","description":"Mais de 80 ferramentas para descomplicar a jornada de inova\u00e7\u00e3o da sua empresa. Experimente gr\u00e1tis por 7 dias e inove em seus processos.","robots":{"index":"index","follow":"follow","max-snippet":"max-snippet:-1","max-image-preview":"max-image-preview:large","max-video-preview":"max-video-preview:-1"},"canonical":"https:\/\/hotmilk.com.br\/toolbox\/lp-geral\/","og_locale":"pt_BR","og_type":"article","og_title":"Experimente o Innovation Toolbox HOTMILK por 7 dias gr\u00e1tis","og_description":"Mais de 80 ferramentas para descomplicar a jornada de inova\u00e7\u00e3o da sua empresa. Experimente gr\u00e1tis por 7 dias e inove em seus processos.","og_url":"https:\/\/hotmilk.com.br\/toolbox\/lp-geral\/","og_site_name":"Innovation Toolbox","article_modified_time":"2026-04-17T17:47:37+00:00","og_image":[{"width":734,"height":447,"url":"https:\/\/hotmilk.com.br\/toolbox\/wp-content\/uploads\/2024\/08\/capa-seo-toolbox-geral.jpg","type":"image\/jpeg"}],"twitter_card":"summary_large_image","twitter_misc":{"Est. tempo de leitura":"1 minuto"},"schema":{"@context":"https:\/\/schema.org","@graph":[{"@type":"WebPage","@id":"https:\/\/hotmilk.com.br\/toolbox\/lp-geral\/","url":"https:\/\/hotmilk.com.br\/toolbox\/lp-geral\/","name":"Experimente o Innovation Toolbox HOTMILK por 7 dias gr\u00e1tis","isPartOf":{"@id":"https:\/\/hotmilk.com.br\/toolbox\/#website"},"primaryImageOfPage":{"@id":"https:\/\/hotmilk.com.br\/toolbox\/lp-geral\/#primaryimage"},"image":{"@id":"https:\/\/hotmilk.com.br\/toolbox\/lp-geral\/#primaryimage"},"thumbnailUrl":"https:\/\/hotmilk.com.br\/toolbox\/wp-content\/uploads\/2024\/08\/capa-seo-toolbox-geral.jpg","datePublished":"2024-07-31T20:31:15+00:00","dateModified":"2026-04-17T17:47:37+00:00","description":"Mais de 80 ferramentas para descomplicar a jornada de inova\u00e7\u00e3o da sua empresa. Experimente gr\u00e1tis por 7 dias e inove em seus processos.","breadcrumb":{"@id":"https:\/\/hotmilk.com.br\/toolbox\/lp-geral\/#breadcrumb"},"inLanguage":"pt-BR","potentialAction":[{"@type":"ReadAction","target":["https:\/\/hotmilk.com.br\/toolbox\/lp-geral\/"]}]},{"@type":"ImageObject","inLanguage":"pt-BR","@id":"https:\/\/hotmilk.com.br\/toolbox\/lp-geral\/#primaryimage","url":"https:\/\/hotmilk.com.br\/toolbox\/wp-content\/uploads\/2024\/08\/capa-seo-toolbox-geral.jpg","contentUrl":"https:\/\/hotmilk.com.br\/toolbox\/wp-content\/uploads\/2024\/08\/capa-seo-toolbox-geral.jpg","width":734,"height":447},{"@type":"BreadcrumbList","@id":"https:\/\/hotmilk.com.br\/toolbox\/lp-geral\/#breadcrumb","itemListElement":[{"@type":"ListItem","position":1,"name":"In\u00edcio","item":"https:\/\/hotmilk.com.br\/toolbox\/"},{"@type":"ListItem","position":2,"name":"LP geral"}]},{"@type":"WebSite","@id":"https:\/\/hotmilk.com.br\/toolbox\/#website","url":"https:\/\/hotmilk.com.br\/toolbox\/","name":"Innovation Toolbox","description":"M\u00e9todos e ferramentas gratuitas de inova\u00e7\u00e3o com a curadoria do HOTMILK PUCPR","potentialAction":[{"@type":"SearchAction","target":{"@type":"EntryPoint","urlTemplate":"https:\/\/hotmilk.com.br\/toolbox\/?s={search_term_string}"},"query-input":{"@type":"PropertyValueSpecification","valueRequired":true,"valueName":"search_term_string"}}],"inLanguage":"pt-BR"}]}},"_links":{"self":[{"href":"https:\/\/hotmilk.com.br\/toolbox\/wp-json\/wp\/v2\/pages\/1095","targetHints":{"allow":["GET"]}}],"collection":[{"href":"https:\/\/hotmilk.com.br\/toolbox\/wp-json\/wp\/v2\/pages"}],"about":[{"href":"https:\/\/hotmilk.com.br\/toolbox\/wp-json\/wp\/v2\/types\/page"}],"author":[{"embeddable":true,"href":"https:\/\/hotmilk.com.br\/toolbox\/wp-json\/wp\/v2\/users\/2"}],"replies":[{"embeddable":true,"href":"https:\/\/hotmilk.com.br\/toolbox\/wp-json\/wp\/v2\/comments?post=1095"}],"version-history":[{"count":20,"href":"https:\/\/hotmilk.com.br\/toolbox\/wp-json\/wp\/v2\/pages\/1095\/revisions"}],"predecessor-version":[{"id":1727,"href":"https:\/\/hotmilk.com.br\/toolbox\/wp-json\/wp\/v2\/pages\/1095\/revisions\/1727"}],"wp:featuredmedia":[{"embeddable":true,"href":"https:\/\/hotmilk.com.br\/toolbox\/wp-json\/wp\/v2\/media\/1323"}],"wp:attachment":[{"href":"https:\/\/hotmilk.com.br\/toolbox\/wp-json\/wp\/v2\/media?parent=1095"}],"curies":[{"name":"wp","href":"https:\/\/api.w.org\/{rel}","templated":true}]}}